{"id":8810,"date":"2026-01-29T11:54:29","date_gmt":"2026-01-29T11:54:29","guid":{"rendered":"https:\/\/mojstermarketinga.si\/trgovina\/?post_type=product&#038;p=8810"},"modified":"2026-02-12T10:40:54","modified_gmt":"2026-02-12T10:40:54","slug":"posnetek-webinarja-najpogostejse-napake-pri-facebook-in-instagram-oglasevanju","status":"publish","type":"product","link":"https:\/\/mojstermarketinga.si\/trgovina\/product\/posnetek-webinarja-najpogostejse-napake-pri-facebook-in-instagram-oglasevanju\/","title":{"rendered":"Posnetek webinarja: Najpogostej\u0161e napake pri Facebook in Instagram ogla\u0161evanju"},"content":{"rendered":"<h3 data-css=\"tve-u-1681d2355c9\">Posnetek webinarja: NAJPOGOSTEJ\u0160E NAPAKE pri Facebook in Instagram ogla\u0161evanju<\/h3>\n<p><strong>Webinar, s pomo\u010djo katerega odkrije\u0161, katerim napakam se mora\u0161 izogniti pri Facebook in Instagram ogla\u0161evanju!<\/strong><\/p>\n<p>Vsebina 90-minutnega webinarja:<\/p>\n<p>1. Kratek uvod<\/p>\n<p>2. Odkrivanje napak pri Facebook in Instagram ogla\u0161evanju<\/p>\n<p>3. Zaklju\u010dek in napotki za naprej<\/p>\n<p>Poleg posnetka webinarja prejme\u0161<strong> \u0161e dve izjemni DARILI<\/strong>.<\/p>\n<p><strong>PRVI BONUS:<\/strong> 30 minutni posvet za pregled ogla\u0161evalskega ra\u010duna ali kampanje (redna cena za 30 minut je sicer 42,70 \u20ac)<\/p>\n<p><strong>DRUGI BONUS:<\/strong> Priro\u010dnik \u201cMoja idealna stranka\u201d (novo, \u010disto sve\u017ee pripravljeno zate), ki ti bo v pomo\u010d pri ustvarjanju oglasov in nagovarjanju idealne stranke<\/p>\n<p>Webinar vodim Monika Horvat, strokovnjakinja za digitalni marketing. \u017de od leta 2012 se ukvarjam z digitalnim marketingom in na tej poti sem \u0161tevilnim podjetnicam in podjetnikom pomagala do preboja na podro\u010dju oglasov.<\/p>\n<p>Pridru\u017ei se in naredi prve korake v smeri uspe\u0161nega ogla\u0161evanja skupaj z mano!<\/p>\n<p><span data-css=\"tve-u-1681d2a5e37\">\u00a0<\/span><\/p>\n","protected":false},"excerpt":{"rendered":"<p><strong>90 minutni webinar, s pomo\u010djo katerega odkrije\u0161, katerim napakam se mora\u0161 izogniti pri Facebook in Instagram ogla\u0161evanju!<\/strong><\/p>\n<p>Kaj gre najpogosteje narobe pri Facebook in Instagram oglasih? Zakaj je klju\u010dno, da izbere\u0161 pravi cilj kampanje? Kdaj oglasi ne prodajajo zaradi napa\u010dnega ob\u010dinstva?<\/p>\n<p>To in \u0161e marsikaj ve\u010d ti razkrijem na na\u0161em sre\u010danju. Poleg tega ti bom zaupala tudi, kaj je pomembno upo\u0161tevati pri strategiji oglasov in zakaj ne sme\u0161 pozabiti na analizo.<\/p>\n<p>Poleg posnetka webinarja prejme\u0161<strong> \u0161e dve izjemni DARILI<\/strong>.<\/p>\n<p><strong>PRVI BONUS:<\/strong> 30 minutni posvet za pregled ogla\u0161evalskega ra\u010duna ali kampanje (redna cena za 30 minut je sicer 42,70 \u20ac)<\/p>\n<p><strong>DRUGI BONUS:<\/strong> Priro\u010dnik \u201cMoja idealna stranka\u201d (novo, \u010disto sve\u017ee pripravljeno zate), ki ti bo v pomo\u010d pri ustvarjanju oglasov in nagovarjanju idealne stranke<\/p>\n<p>Pridru\u017ei se in naredi prve korake v smeri uspe\u0161nega ogla\u0161evanja skupaj z mano!<\/p>\n","protected":false},"featured_media":8362,"comment_status":"open","ping_status":"closed","template":"","meta":{"jetpack_post_was_ever_published":false,"jetpack_publicize_message":"","jetpack_is_tweetstorm":false,"jetpack_publicize_feature_enabled":true,"jetpack_social_post_already_shared":true,"jetpack_social_options":[]},"product_cat":[29],"product_tag":[49,47,48,46],"jetpack_publicize_connections":[],"jetpack_sharing_enabled":true,"_links":{"self":[{"href":"https:\/\/mojstermarketinga.si\/trgovina\/wp-json\/wp\/v2\/product\/8810"}],"collection":[{"href":"https:\/\/mojstermarketinga.si\/trgovina\/wp-json\/wp\/v2\/product"}],"about":[{"href":"https:\/\/mojstermarketinga.si\/trgovina\/wp-json\/wp\/v2\/types\/product"}],"replies":[{"embeddable":true,"href":"https:\/\/mojstermarketinga.si\/trgovina\/wp-json\/wp\/v2\/comments?post=8810"}],"wp:featuredmedia":[{"embeddable":true,"href":"https:\/\/mojstermarketinga.si\/trgovina\/wp-json\/wp\/v2\/media\/8362"}],"wp:attachment":[{"href":"https:\/\/mojstermarketinga.si\/trgovina\/wp-json\/wp\/v2\/media?parent=8810"}],"wp:term":[{"taxonomy":"product_cat","embeddable":true,"href":"https:\/\/mojstermarketinga.si\/trgovina\/wp-json\/wp\/v2\/product_cat?post=8810"},{"taxonomy":"product_tag","embeddable":true,"href":"https:\/\/mojstermarketinga.si\/trgovina\/wp-json\/wp\/v2\/product_tag?post=8810"}],"curies":[{"name":"wp","href":"https:\/\/api.w.org\/{rel}","templated":true}]}}