{"id":8359,"date":"2024-03-28T09:23:47","date_gmt":"2024-03-28T09:23:47","guid":{"rendered":"https:\/\/mojstermarketinga.si\/trgovina\/?post_type=product&#038;p=8359"},"modified":"2025-03-12T04:32:27","modified_gmt":"2025-03-12T04:32:27","slug":"ne-boostaj-oglasuj","status":"publish","type":"product","link":"https:\/\/mojstermarketinga.si\/trgovina\/product\/ne-boostaj-oglasuj\/","title":{"rendered":"NE BOOSTAJ, OGLA\u0160UJ!"},"content":{"rendered":"<h3 data-css=\"tve-u-1681d2355c9\">NE BOOSTAJ, OGLA\u0160UJ!<\/h3>\n<p><strong>Mini delavnica oziroma video trening, s pomo\u010djo katerega odkrije\u0161 prve korake v svetu Facebook in Instagram ogla\u0161evanja!<\/strong><\/p>\n<p>Vsebina 60-minutnega treninga:<\/p>\n<p>1. Kratek uvod<\/p>\n<p>2. Razlika med boostanjem in ogla\u0161evanjem<\/p>\n<p>3. Kaj je business manager oziroma upravitelj za podjetja?<\/p>\n<p>4. Katere cilje ogla\u0161evalskih kampanj poznamo?<\/p>\n<p>5. Kako za\u010dnemo z nastavitvijo oglasa?<\/p>\n<p>6. Kako poteka analiza oglasov?<\/p>\n<p>7. Zaklju\u010dek in napotki za naprej<\/p>\n<p>Delavnico vodim Monika Horvat, strokovnjakinja za digitalni marketing. \u017de od leta 2012 se ukvarjam z digitalnim marketingom in na tej poti sem \u0161tevilnim podjetnicam in podjetnikom pomagala do preboja na podro\u010dju oglasov.<\/p>\n<p>Pridru\u017ei se in naredi prve korake v smeri uspe\u0161nega ogla\u0161evanja skupaj z mano!<\/p>\n<p><span data-css=\"tve-u-1681d2a5e37\">\u00a0<\/span><\/p>\n","protected":false},"excerpt":{"rendered":"<p><strong>Mini delavnica oziroma prakti\u010den 60 minutni video trening, s pomo\u010djo katerega odkrije\u0161 prve korake v svetu Facebook in Instagram ogla\u0161evanja!<\/strong><\/p>\n<p>Spoznaj razlike med boostanjem in ogla\u0161evanjem, kjer \u0161e vedno veliko podjetij izgublja ogromno denarja. Odkrij, kaj je potrebno nastaviti pred samim ogla\u0161evanjem in nameni \u010das za premislek o cilju kampanje.<\/p>\n<p>Pokazala ti bom tudi, kako na enostaven na\u010din vzpostavi\u0161 prvi oglas in katere so klju\u010dne metrike za analizo oglasov.<\/p>\n<p>Pridru\u017ei se in naredi prve korake v smeri uspe\u0161nega ogla\u0161evanja skupaj z mano!<\/p>\n","protected":false},"featured_media":8362,"comment_status":"open","ping_status":"closed","template":"","meta":{"jetpack_post_was_ever_published":false,"jetpack_publicize_message":"","jetpack_is_tweetstorm":false,"jetpack_publicize_feature_enabled":true,"jetpack_social_post_already_shared":true,"jetpack_social_options":[]},"product_cat":[29],"product_tag":[49,47,48,46],"jetpack_publicize_connections":[],"jetpack_sharing_enabled":true,"_links":{"self":[{"href":"https:\/\/mojstermarketinga.si\/trgovina\/wp-json\/wp\/v2\/product\/8359"}],"collection":[{"href":"https:\/\/mojstermarketinga.si\/trgovina\/wp-json\/wp\/v2\/product"}],"about":[{"href":"https:\/\/mojstermarketinga.si\/trgovina\/wp-json\/wp\/v2\/types\/product"}],"replies":[{"embeddable":true,"href":"https:\/\/mojstermarketinga.si\/trgovina\/wp-json\/wp\/v2\/comments?post=8359"}],"wp:featuredmedia":[{"embeddable":true,"href":"https:\/\/mojstermarketinga.si\/trgovina\/wp-json\/wp\/v2\/media\/8362"}],"wp:attachment":[{"href":"https:\/\/mojstermarketinga.si\/trgovina\/wp-json\/wp\/v2\/media?parent=8359"}],"wp:term":[{"taxonomy":"product_cat","embeddable":true,"href":"https:\/\/mojstermarketinga.si\/trgovina\/wp-json\/wp\/v2\/product_cat?post=8359"},{"taxonomy":"product_tag","embeddable":true,"href":"https:\/\/mojstermarketinga.si\/trgovina\/wp-json\/wp\/v2\/product_tag?post=8359"}],"curies":[{"name":"wp","href":"https:\/\/api.w.org\/{rel}","templated":true}]}}