{"id":2990,"date":"2021-02-22T19:56:21","date_gmt":"2021-02-22T19:56:21","guid":{"rendered":"https:\/\/mojstermarketinga.si\/trgovina\/?post_type=product&#038;p=2990"},"modified":"2025-03-12T04:28:53","modified_gmt":"2025-03-12T04:28:53","slug":"osvoji-email-marketing-spletni-program","status":"publish","type":"product","link":"https:\/\/mojstermarketinga.si\/trgovina\/product\/osvoji-email-marketing-spletni-program\/","title":{"rendered":"OSVOJI EMAIL MARKETING, spletni program"},"content":{"rendered":"<h3 data-css=\"tve-u-1681d2355c9\"><strong><span data-css=\"tve-u-1681d2a5e25\">OSVOJI EMAIL MARKETING (prakti\u010dni spletni program)\u00a0<\/span><\/strong><\/h3>\n<p>Preden odkrije\u0161 vsebino programa, ti moram povedati, da<strong> je ta program tako poceni, ker je posnet v Mailerlite Classic, ne na novi Mailerlite platformi<\/strong>. <strong>Kaj to pomeni zate?<\/strong> \u010ce \u0161e vedno uporablja\u0161 Mailerlite Classic &#8211; super, bo\u0161 na\u0161la oz. na\u0161el vse, kar je posneto. \u010ce \u017ee uporablja\u0161 Mailerlite na novi platformi, pa te \u017ee \u010daka nekaj novih vsebin, ve\u010dina pa je starih.<\/p>\n<p>POMEMBNO: \u0160e vedno te \u010daka veliko posnetkov na temo ustvarjanja vsebin, kako za\u010deti in podobno, hkrati pa, \u010de se dovolj znajde\u0161, lahko tudi vse posnetke iz Mailerlite Classic uporabi\u0161 v novem Mailerlite, saj so nekoliko spremenjene postavitve, gumbi in podobno. \u010ce te karkoli podrobneje zanima, sem ti z veseljem na voljo.<\/p>\n<p>Tako, zdaj pa k vsebini. \ud83d\ude09<\/p>\n<p>Spletni program\u00a0<strong>OSVOJI EMAIL MARKETING<\/strong>\u00a0je namenjen\u00a0<strong>TEBI<\/strong>, da kon\u010dno odkrije\u0161, kako se na u\u010dinkovit na\u010din lotiti email marketinga s pomo\u010djo programa MailerLite. Gremo od prve to\u010dke, kar se ti\u010de ustvarjanja uporabni\u0161kega ra\u010duna, grajenja list, vse do vsebinskih vidikov, kako se pribli\u017eati ob\u010dinstvu na tem kanalu.<\/p>\n<p><strong>Vsebinski pregled modulov, ki so razdeljeni v ve\u010d kot 30 lekcij:<\/strong><\/p>\n<ol>\n<li>Vzpostavitev MailerLite ra\u010duna<\/li>\n<li>Grajenje email liste (tehni\u010dni in vsebinski del)<\/li>\n<li>Kako pripraviti email kampanje? (tehni\u010dni in vsebinski del)<\/li>\n<li>Kako ustvariti obrazce za pridobivanje email kontaktov? (tehni\u010dni in vsebinski del)<\/li>\n<li>Kako ustvariti pristajalne strani za e-priro\u010dnike, video serije, kjer se nabirajo email kontakti? (tehni\u010dni in vsebinski del)<\/li>\n<li>Kako se lotiti avtomatizacije? (tehni\u010dni in vsebinski del)<\/li>\n<li>Kaj je potrebno vedeti o GDPR?<\/li>\n<\/ol>\n<p>Program se odvija v spletni u\u010dilnici in ti ostane za zmeraj, hkrati pa se bodo vsebine posodabljale.<\/p>\n<p><strong>DARILO:<\/strong> 7 idej za grajenje email liste<\/p>\n<p><strong>DARILO:<\/strong> mese\u010dni planer za na\u010drtovanje email vsebin in spremljanje rezultatov<\/p>\n<p>Odkrij kombinacijo programa + 24\/7 do\u017eivljenjsko podporo v zaprti Facebook skupini za popoln uspeh na podro\u010dju email marketinga.<\/p>\n<p><strong>POMEMBNO!<\/strong> Februarja 2022 sem pridobila tudi certifikat za uspe\u0161no opravljen program MailerLite Fundamentals, ki je del MailerLite akademije, tako da ti vso znanje predam na podlagi znanja in prakti\u010dnih izku\u0161enj, ki jih imam, saj e-mail kampanje s pomo\u010djo te platforme pripravljam \u017ee od leta 2016.<\/p>\n<p><img decoding=\"async\" loading=\"lazy\" class=\"alignnone size-full wp-image-3635\" src=\"https:\/\/mojstermarketinga.si\/trgovina\/wp-content\/uploads\/2021\/02\/Mailerlite_certifikat.png\" alt=\"certifikat\" width=\"913\" height=\"645\" srcset=\"https:\/\/mojstermarketinga.si\/trgovina\/wp-content\/uploads\/2021\/02\/Mailerlite_certifikat.png 913w, https:\/\/mojstermarketinga.si\/trgovina\/wp-content\/uploads\/2021\/02\/Mailerlite_certifikat-300x212.png 300w, https:\/\/mojstermarketinga.si\/trgovina\/wp-content\/uploads\/2021\/02\/Mailerlite_certifikat-768x543.png 768w, https:\/\/mojstermarketinga.si\/trgovina\/wp-content\/uploads\/2021\/02\/Mailerlite_certifikat-416x294.png 416w\" sizes=\"(max-width: 913px) 100vw, 913px\" \/><\/p>\n","protected":false},"excerpt":{"rendered":"<h3 data-css=\"tve-u-1681d2355c9\"><strong><span data-css=\"tve-u-1681d2a5e25\">OSVOJI EMAIL MARKETING (prakti\u010dni spletni program)\u00a0<\/span><\/strong><\/h3>\n<p><strong>Pomembno! Program je tako poceni, ker je posnet na Mailerlite Classic, ne na novi verziji Mailerlite.<\/strong><\/p>\n<p>Spletni program\u00a0<strong>OSVOJI EMAIL MARKETING<\/strong>\u00a0je namenjen\u00a0<strong>TEBI<\/strong>, da kon\u010dno odkrije\u0161, kako se na u\u010dinkovit na\u010din lotiti email marketinga s pomo\u010djo programa MailerLite. Gremo od prve to\u010dke, kar se ti\u010de ustvarjanja uporabni\u0161kega ra\u010duna, grajenja list, vse do vsebinskih vidikov, kako se pribli\u017eati ob\u010dinstvu na tem kanalu.<\/p>\n<p>Odkrij kombinacijo programa + 24\/7 do\u017eivljenjsko podporo v zaprti Facebook skupini za popoln uspeh na podro\u010dju email marketinga.<\/p>\n<p><strong>DARILO:<\/strong> 7 idej za grajenje email liste<\/p>\n<p><strong>DARILO:<\/strong> mese\u010dni planer za na\u010drtovanje email vsebin in spremljanje rezultatov<\/p>\n<p>Najni\u017eja cena v zadnjih 30-ih dneh: 29,00 \u20ac<\/p>\n","protected":false},"featured_media":3002,"comment_status":"open","ping_status":"closed","template":"","meta":{"jetpack_post_was_ever_published":false,"jetpack_publicize_message":"","jetpack_is_tweetstorm":false,"jetpack_publicize_feature_enabled":true,"jetpack_social_post_already_shared":true,"jetpack_social_options":[]},"product_cat":[29],"product_tag":[40,36,37,41,39],"jetpack_publicize_connections":[],"jetpack_sharing_enabled":true,"_links":{"self":[{"href":"https:\/\/mojstermarketinga.si\/trgovina\/wp-json\/wp\/v2\/product\/2990"}],"collection":[{"href":"https:\/\/mojstermarketinga.si\/trgovina\/wp-json\/wp\/v2\/product"}],"about":[{"href":"https:\/\/mojstermarketinga.si\/trgovina\/wp-json\/wp\/v2\/types\/product"}],"replies":[{"embeddable":true,"href":"https:\/\/mojstermarketinga.si\/trgovina\/wp-json\/wp\/v2\/comments?post=2990"}],"wp:featuredmedia":[{"embeddable":true,"href":"https:\/\/mojstermarketinga.si\/trgovina\/wp-json\/wp\/v2\/media\/3002"}],"wp:attachment":[{"href":"https:\/\/mojstermarketinga.si\/trgovina\/wp-json\/wp\/v2\/media?parent=2990"}],"wp:term":[{"taxonomy":"product_cat","embeddable":true,"href":"https:\/\/mojstermarketinga.si\/trgovina\/wp-json\/wp\/v2\/product_cat?post=2990"},{"taxonomy":"product_tag","embeddable":true,"href":"https:\/\/mojstermarketinga.si\/trgovina\/wp-json\/wp\/v2\/product_tag?post=2990"}],"curies":[{"name":"wp","href":"https:\/\/api.w.org\/{rel}","templated":true}]}}