{"id":8806,"date":"2026-01-29T11:17:08","date_gmt":"2026-01-29T11:17:08","guid":{"rendered":"https:\/\/mojstermarketinga.si\/trgovina\/?page_id=8806"},"modified":"2026-02-15T12:08:22","modified_gmt":"2026-02-15T12:08:22","slug":"webinar-hvala-za-prijavo","status":"publish","type":"page","link":"https:\/\/mojstermarketinga.si\/trgovina\/webinar-hvala-za-prijavo\/","title":{"rendered":"Webinar: Hvala za prijavo"},"content":{"rendered":"<h1><strong>Hvala za prijavo!<\/strong><\/h1>\n<\/p>\n<h5><strong>Posnetek webinarja si lahko zagotovi\u0161&nbsp;<\/strong><a href=\"https:\/\/mojstermarketinga.si\/trgovina\/product\/posnetek-webinarja-najpogostejse-napake-pri-facebook-in-instagram-oglasevanju\/\" target=\"_blank\" style=\"outline: none;\" rel=\"noopener\">na tej povezavi<\/a> in \u0161e nekaj dodatnih ugodnosti sem pripravila.<\/h5>\n<h5><strong>PRVI BONUS:<\/strong> 30 minutni posvet za pregled ogla\u0161evalskega ra\u010duna ali kampanje (redna cena za 30 minut je sicer 42,70 \u20ac)<strong>DRUGI BONUS: <\/strong>Priro\u010dnik \u201cMoja idealna stranka\u201d (novo, \u010disto sve\u017ee pripravljeno zate), ki ti bo v pomo\u010d pri ustvarjanju oglasov in nagovarjanju idealne stranke<\/h5>\n<\/p>\n<h4><strong>Nora VIP PONUDBA samo zate: 33,00 \u20ac<\/strong><\/h4>\n<h4><strong>&nbsp;<\/strong><\/h4>\n<h5><\/h5>\n<h5>Na webinarju sem omenila tudi program <a href=\"https:\/\/mojstermarketinga.si\/trgovina\/zboostaj-svoj-biznis\/\" target=\"_blank\" style=\"outline: none;\" rel=\"noopener\"><strong>Zboostaj svoj biznis<\/strong><\/a><strong>,<\/strong> kjer se 30-ih dneh z mojo pomo\u010djo lahko nau\u010di\u0161, kako ogla\u0161evati na Facebooku in Instagramu. Vse to, kar smo govorili na webinarju, bomo obdelali v globino, od prvih korakov, do vzpostavitve ogla\u0161evalske kampanje in analize. <strong>SLABA NOVICA:<\/strong> Cena programa se 1. marca 2026 dvigne.<strong>DOBRA NOVICA:&nbsp;<\/strong>Izkoristi DODATNI prihranek s kodo <strong>WEBINAR20<\/strong>, ki ti prinese kar 20% popust do vklju\u010dno 28. februarja 2026.<\/h5>\n<\/p>\n<h4><strong>To je zdaj res izjemna prilo\u017enost, ki bi jo bilo \u0161koda izpustiti.<\/strong><\/h4>\n<\/p>\n<h5>Program se za\u010dne marca.&nbsp;<\/h5>\n<h5><\/h5>\n<h5>Dostop lahko dobi\u0161 takoj, takrat pa za\u010dnemo z ZOOM sre\u010danji. Urnik bo \u0161e obljavljen. Vsi posnetki so vedno na voljo in dela\u0161 v svojem ritmu.<\/h5>\n<h4><strong>&nbsp;<\/strong><\/h4>\n<h5><\/h5>\n<h5>Hvala \u0161e enkrat, da si tukaj!<\/h5>\n<h5><\/h5>\n<h5>Monika Horvat, tvoja mentorica za Facebook in Instagram<!--EndFragment--><\/h5>\n<p><span style=\"\"><img decoding=\"async\" alt=\"\" data-id=\"8698\" width=\"186\" height=\"186\" title=\"Monika (58) kvadrat\" src=\"https:\/\/mojstermarketinga.si\/trgovina\/wp-content\/uploads\/2025\/09\/Monika-58-kvadrat.jpg\" style=\"\" ml-d=\"0\" mt-d=\"0\" data-width=\"186\" data-height=\"186\" data-init-width=\"998\" data-init-height=\"998\" loading=\"lazy\"><\/span><\/p>\n<p>Mojster Marketinga, 2026 | <span data-attr-id=\"6\" data-extra_key=\"2\" data-shortcode=\"thrive_global_fields\" data-shortcode-name=\"[Legal] Privacy policy\" data-attr-static-link=\"{&quot;className&quot;:&quot;tve-froala&quot;,&quot;href&quot;:&quot;https:\/\/mojstermarketinga.si\/varovanje-osebnih-podatkov\/&quot;,&quot;target&quot;:&quot;_blank&quot;,&quot;class&quot;:&quot;tve-froala&quot;}\"><a href=\"https:\/\/mojstermarketinga.si\/varovanje-osebnih-podatkov\/\" target=\"_blank\" class=\"tve-froala\">Varovanje osebnih podatkov<\/a><\/span><\/p>\n","protected":false},"excerpt":{"rendered":"<p>Hvala za prijavo! Posnetek webinarja si lahko zagotovi\u0161&nbsp;na tej povezavi in \u0161e nekaj dodatnih ugodnosti sem pripravila. PRVI BONUS: 30 minutni posvet za pregled ogla\u0161evalskega ra\u010duna ali kampanje (redna cena za 30 minut je sicer 42,70 \u20ac)DRUGI BONUS: Priro\u010dnik \u201cMoja idealna stranka\u201d (novo, \u010disto sve\u017ee pripravljeno zate), ki ti bo v pomo\u010d pri ustvarjanju oglasov [&hellip;]<\/p>\n","protected":false},"author":2,"featured_media":0,"parent":0,"menu_order":0,"comment_status":"closed","ping_status":"closed","template":"","meta":{"jetpack_post_was_ever_published":false},"jetpack_sharing_enabled":true,"jetpack_shortlink":"https:\/\/wp.me\/P9JJj0-2i2","_links":{"self":[{"href":"https:\/\/mojstermarketinga.si\/trgovina\/wp-json\/wp\/v2\/pages\/8806"}],"collection":[{"href":"https:\/\/mojstermarketinga.si\/trgovina\/wp-json\/wp\/v2\/pages"}],"about":[{"href":"https:\/\/mojstermarketinga.si\/trgovina\/wp-json\/wp\/v2\/types\/page"}],"author":[{"embeddable":true,"href":"https:\/\/mojstermarketinga.si\/trgovina\/wp-json\/wp\/v2\/users\/2"}],"replies":[{"embeddable":true,"href":"https:\/\/mojstermarketinga.si\/trgovina\/wp-json\/wp\/v2\/comments?post=8806"}],"version-history":[{"count":25,"href":"https:\/\/mojstermarketinga.si\/trgovina\/wp-json\/wp\/v2\/pages\/8806\/revisions"}],"predecessor-version":[{"id":8840,"href":"https:\/\/mojstermarketinga.si\/trgovina\/wp-json\/wp\/v2\/pages\/8806\/revisions\/8840"}],"wp:attachment":[{"href":"https:\/\/mojstermarketinga.si\/trgovina\/wp-json\/wp\/v2\/media?parent=8806"}],"curies":[{"name":"wp","href":"https:\/\/api.w.org\/{rel}","templated":true}]}}